{"id":308,"date":"2015-05-08T09:20:27","date_gmt":"2015-05-08T07:20:27","guid":{"rendered":"http:\/\/bestfuel.se\/en\/kontakt\/"},"modified":"2015-10-12T13:31:02","modified_gmt":"2015-10-12T13:31:02","slug":"kontakt","status":"publish","type":"page","link":"https:\/\/bestfuel.se\/en\/kontakt\/","title":{"rendered":"Contact us:"},"content":{"rendered":"<p><a href=\"https:\/\/www.google.com\/maps\/d\/edit?mid=z6hwDRaCIJuU.kCAu7q-WN69w\" target=\"_blank\">Vill du se n\u00e4rmare p\u00e5 kartan klicka h\u00e4r.<\/a><\/p>\n<h1>Contact:<\/h1>\n<p>Lefab Production AB<\/p>\n<p>Fabriksv\u00e4gen 3<br \/>\n446 37 \u00c4lv\u00e4ngen<br \/>\nSweden<br \/>\nTel:\u00a0+46 303 700890<br \/>\nFax:+46 303 700891<\/p>\n<p>info@bestfuel.se<\/p>\n","protected":false},"excerpt":{"rendered":"<p>Vill du se n\u00e4rmare p\u00e5 kartan klicka h\u00e4r. Contact: Lefab Production AB Fabriksv\u00e4gen 3 446 37 \u00c4lv\u00e4ngen Sweden Tel:\u00a0+46 303 700890 Fax:+46 303 700891 info@bestfuel.se<\/p>\n","protected":false},"author":3,"featured_media":0,"parent":0,"menu_order":0,"comment_status":"closed","ping_status":"closed","template":"kontakt-page.php","meta":{"footnotes":""},"class_list":["post-308","page","type-page","status-publish","hentry"],"acf":[],"_links":{"self":[{"href":"https:\/\/bestfuel.se\/en\/wp-json\/wp\/v2\/pages\/308","targetHints":{"allow":["GET"]}}],"collection":[{"href":"https:\/\/bestfuel.se\/en\/wp-json\/wp\/v2\/pages"}],"about":[{"href":"https:\/\/bestfuel.se\/en\/wp-json\/wp\/v2\/types\/page"}],"author":[{"embeddable":true,"href":"https:\/\/bestfuel.se\/en\/wp-json\/wp\/v2\/users\/3"}],"replies":[{"embeddable":true,"href":"https:\/\/bestfuel.se\/en\/wp-json\/wp\/v2\/comments?post=308"}],"version-history":[{"count":4,"href":"https:\/\/bestfuel.se\/en\/wp-json\/wp\/v2\/pages\/308\/revisions"}],"predecessor-version":[{"id":718,"href":"https:\/\/bestfuel.se\/en\/wp-json\/wp\/v2\/pages\/308\/revisions\/718"}],"wp:attachment":[{"href":"https:\/\/bestfuel.se\/en\/wp-json\/wp\/v2\/media?parent=308"}],"curies":[{"name":"wp","href":"https:\/\/api.w.org\/{rel}","templated":true}]}}